{"id":9,"date":"2017-04-20T23:05:08","date_gmt":"2017-04-20T21:05:08","guid":{"rendered":"http:\/\/mfg-rail.com\/?page_id=9"},"modified":"2024-12-01T19:47:43","modified_gmt":"2024-12-01T18:47:43","slug":"kontakt","status":"publish","type":"page","link":"http:\/\/mfg-rail.com\/?page_id=9","title":{"rendered":"Kontakt"},"content":{"rendered":"<table>\n<tbody>\n<tr>\n<th colspan=\"2\">\u00dcber Ihre Fragen und Anregungen freuen wir uns unter den folgenden Kontaktdaten:<\/th>\n<\/tr>\n<tr>\n<th style=\"vertical-align: top;\">\n<h6>Thomas D\u00f6rfert<\/h6>\n<p>Inaber,<br \/>\nTechnischer Betriebsleiter<br \/>\n+49 (0) 38874 22791<br \/>\n<script language=\"JavaScript\" type=\"text\/javascript\"><br \/>\nvar part1 = \"thomas.doerfert\";<br \/>\nvar part2 = Math.pow(2,6);<br \/>\nvar part3 = String.fromCharCode(part2);<br \/>\nvar part4 = \"mfg-rail.com\";<br \/>\nvar part5 = part1 + String.fromCharCode(part2) + part4;<br \/>\ndocument.write(\"<a href=\" + \"mai\" + \"lto\" + \":\" + part5 + \">\" + part1 + part3 + part4 + \"<\/a>\");<br \/>\n<\/script><\/th>\n<th style=\"vertical-align: top;\">\n<h6>Sibylle D\u00f6rfert<\/h6>\n<p>B\u00fcro, Disposition, Buchhaltung<br \/>\n+49 (0) 38874 22791<br \/>\n<script language=\"JavaScript\" type=\"text\/javascript\"><br \/>\nvar part1 = \"dispo\";<br \/>\nvar part2 = Math.pow(2,6);<br \/>\nvar part3 = String.fromCharCode(part2);<br \/>\nvar part4 = \"mfg-rail.com\";<br \/>\nvar part5 = part1 + String.fromCharCode(part2) + part4;<br \/>\ndocument.write(\"<a href=\" + \"mai\" + \"lto\" + \":\" + part5 + \">\" + part1 + part3 + part4 + \"<\/a>\");<br \/>\n<\/script><\/th>\n<\/tr>\n<tr>\n<th style=\"vertical-align: top;\">\n<h6>Franziska D\u00f6rfert-Scherrer<\/h6>\n<p>Schadwagenbearbeitung,<br \/>\nECM-Beauftrage, Beratung<br \/>\n+49 (0) 38874 21679<br \/>\n+49 (0) 176 23314782<br \/>\n<script language=\"JavaScript\" type=\"text\/javascript\"><br \/>\nvar part1 = \"schadwagen\";<br \/>\nvar part2 = Math.pow(2,6);<br \/>\nvar part3 = String.fromCharCode(part2);<br \/>\nvar part4 = \"mfg-rail.com\";<br \/>\nvar part5 = part1 + String.fromCharCode(part2) + part4;<br \/>\ndocument.write(\"<a href=\" + \"mai\" + \"lto\" + \":\" + part5 + \">\" + part1 + part3 + part4 + \"<\/a>\");<br \/>\n<\/script><\/th>\n<th style=\"vertical-align: top;\">\n<h6>Robert D\u00f6rfert<\/h6>\n<p>Werkstattleitung<br \/>\n+49 (0) 38874 22791<\/th>\n<\/tr>\n<tr>\n<th style=\"vertical-align: top;\">\n<h6>Steffen Noffke<\/h6>\n<p>Servicetechniker<br \/>\n+49 (0) 38874 22791<br \/>\n<script language=\"JavaScript\" type=\"text\/javascript\"><br \/>\nvar part1 = \"steffen.noffke\";<br \/>\nvar part2 = Math.pow(2,6);<br \/>\nvar part3 = String.fromCharCode(part2);<br \/>\nvar part4 = \"mfg-rail.com\";<br \/>\nvar part5 = part1 + String.fromCharCode(part2) + part4;<br \/>\ndocument.write(\"<a href=\" + \"mai\" + \"lto\" + \":\" + part5 + \">\" + part1 + part3 + part4 + \"<\/a>\");<br \/>\n<\/script><\/th>\n<\/tr>\n<\/tbody>\n<\/table>\n","protected":false},"excerpt":{"rendered":"<p>\u00dcber Ihre Fragen und Anregungen freuen wir uns unter den folgenden Kontaktdaten: Thomas D\u00f6rfert Inaber, Technischer Betriebsleiter +49 (0) 38874 22791 Sibylle D\u00f6rfert B\u00fcro, Disposition, Buchhaltung +49 (0) 38874 22791 Franziska D\u00f6rfert-Scherrer Schadwagenbearbeitung, ECM-Beauftrage, Beratung +49 (0) 38874 21679 +49 (0) 176 23314782 Robert D\u00f6rfert Werkstattleitung +49 (0) 38874 22791 Steffen Noffke Servicetechniker +49 (0) [&hellip;]<\/p>\n","protected":false},"author":1,"featured_media":0,"parent":0,"menu_order":0,"comment_status":"closed","ping_status":"closed","template":"","meta":{"footnotes":""},"_links":{"self":[{"href":"http:\/\/mfg-rail.com\/index.php?rest_route=\/wp\/v2\/pages\/9"}],"collection":[{"href":"http:\/\/mfg-rail.com\/index.php?rest_route=\/wp\/v2\/pages"}],"about":[{"href":"http:\/\/mfg-rail.com\/index.php?rest_route=\/wp\/v2\/types\/page"}],"author":[{"embeddable":true,"href":"http:\/\/mfg-rail.com\/index.php?rest_route=\/wp\/v2\/users\/1"}],"replies":[{"embeddable":true,"href":"http:\/\/mfg-rail.com\/index.php?rest_route=%2Fwp%2Fv2%2Fcomments&post=9"}],"version-history":[{"count":19,"href":"http:\/\/mfg-rail.com\/index.php?rest_route=\/wp\/v2\/pages\/9\/revisions"}],"predecessor-version":[{"id":301,"href":"http:\/\/mfg-rail.com\/index.php?rest_route=\/wp\/v2\/pages\/9\/revisions\/301"}],"wp:attachment":[{"href":"http:\/\/mfg-rail.com\/index.php?rest_route=%2Fwp%2Fv2%2Fmedia&parent=9"}],"curies":[{"name":"wp","href":"https:\/\/api.w.org\/{rel}","templated":true}]}}