{"id":8,"date":"2017-04-20T23:05:08","date_gmt":"2017-04-20T21:05:08","guid":{"rendered":"http:\/\/mfg-rail.com\/?page_id=8"},"modified":"2024-12-03T19:05:42","modified_gmt":"2024-12-03T18:05:42","slug":"ueber-mich","status":"publish","type":"page","link":"http:\/\/mfg-rail.com\/?page_id=8","title":{"rendered":"\u00dcber Uns"},"content":{"rendered":"<h3 style=\"text-align: center;\">G\u00fcterwagen sind unsere Leidenschaft<\/h3>\n<p>Seit 1995 stehen wir als flexibles und innovatives Unternehmen Haltern und Eisenbahnverkehrsunternehmen zuverl\u00e4ssig zur Seite \u2013 mit mobiler Instandsetzung und Instandhaltung, die Ihre G\u00fcterwagenflotte jederzeit einsatzbereit h\u00e4lt. Nutzen Sie dazu auch unser Reparaturgleis in Hamburg \u2013 optimal erreichbar und f\u00fcr Reparaturen von bis zu 6 Fahrzeugen gleichzeitig geeignet.<\/p>\n<p>Dank langj\u00e4hriger Erfahrung und einem einzigartigen Netzwerk haben wir Zugang zu vielf\u00e4ltigen Ressourcen und technischen sowie normativen Fachkenntnissen, die weit \u00fcber das \u00dcbliche hinausgehen.<\/p>\n<p>Neben unseren mobilen Werkst\u00e4tten verf\u00fcgen wir \u00fcber zwei schwei\u00dftechnisch zugelassene Standorte. In unserer Heimat Gottesgabe fertigen wir bahnspezifische Bauteile. Aufw\u00e4ndigere Instandsetzungen oder Umbauten am Fahrzeug f\u00fchren wir an unserem Standort mit Gleisanschluss in Hangenow-Land durch. Zur Herstellung der Lauff\u00e4higkeit arbeiten wir \u00fcberall.<\/p>\n","protected":false},"excerpt":{"rendered":"<p>G\u00fcterwagen sind unsere Leidenschaft Seit 1995 stehen wir als flexibles und innovatives Unternehmen Haltern und Eisenbahnverkehrsunternehmen zuverl\u00e4ssig zur Seite \u2013 mit mobiler Instandsetzung und Instandhaltung, die Ihre G\u00fcterwagenflotte jederzeit einsatzbereit h\u00e4lt. Nutzen Sie dazu auch unser Reparaturgleis in Hamburg \u2013 optimal erreichbar und f\u00fcr Reparaturen von bis zu 6 Fahrzeugen gleichzeitig geeignet. Dank langj\u00e4hriger Erfahrung [&hellip;]<\/p>\n","protected":false},"author":1,"featured_media":0,"parent":0,"menu_order":0,"comment_status":"closed","ping_status":"closed","template":"","meta":{"footnotes":""},"_links":{"self":[{"href":"http:\/\/mfg-rail.com\/index.php?rest_route=\/wp\/v2\/pages\/8"}],"collection":[{"href":"http:\/\/mfg-rail.com\/index.php?rest_route=\/wp\/v2\/pages"}],"about":[{"href":"http:\/\/mfg-rail.com\/index.php?rest_route=\/wp\/v2\/types\/page"}],"author":[{"embeddable":true,"href":"http:\/\/mfg-rail.com\/index.php?rest_route=\/wp\/v2\/users\/1"}],"replies":[{"embeddable":true,"href":"http:\/\/mfg-rail.com\/index.php?rest_route=%2Fwp%2Fv2%2Fcomments&post=8"}],"version-history":[{"count":22,"href":"http:\/\/mfg-rail.com\/index.php?rest_route=\/wp\/v2\/pages\/8\/revisions"}],"predecessor-version":[{"id":307,"href":"http:\/\/mfg-rail.com\/index.php?rest_route=\/wp\/v2\/pages\/8\/revisions\/307"}],"wp:attachment":[{"href":"http:\/\/mfg-rail.com\/index.php?rest_route=%2Fwp%2Fv2%2Fmedia&parent=8"}],"curies":[{"name":"wp","href":"https:\/\/api.w.org\/{rel}","templated":true}]}}