{"id":7,"date":"2017-04-20T23:05:08","date_gmt":"2017-04-20T21:05:08","guid":{"rendered":"http:\/\/mfg-rail.com\/?page_id=7"},"modified":"2024-12-01T19:37:17","modified_gmt":"2024-12-01T18:37:17","slug":"startseite","status":"publish","type":"page","link":"http:\/\/mfg-rail.com\/","title":{"rendered":"Sicher. Flexibiel. Effizient"},"content":{"rendered":"<p><img decoding=\"async\" loading=\"lazy\" class=\"\" src=\"http:\/\/mfg-rail.com\/wp-content\/uploads\/2021\/03\/DSC01668.jpg\" alt=\"LKW und Werkstattwagen im Einsatz\" width=\"704\" height=\"528\" \/><\/p>\n<p style=\"text-align: left;\">Metallbau Fahrzeugservice Gottegabe &#8211; MFG &#8211; bietet seit 1995 flexible, mobile und station\u00e4re Instandhaltung und Bauteilfertigung f\u00fcr Schienenfahrzeuge an. Mit passgenauen L\u00f6sungen bei h\u00f6chsten Sicherheitsstandards sorgen wir f\u00fcr effiziente Eins\u00e4tze. Zwei zertifizierte Standorte zum Schwei\u00dfen erm\u00f6glichen die Fertigung und umfassende Reparaturen oder Umbauten.<\/p>\n<p style=\"text-align: left;\">Erfahrung und ein starkes Netzwerk sichern Kunden einzigartige Ressourcen und zuverl\u00e4ssigen Service.<\/p>\n<p>Sprechen Sie uns an!<\/p>\n","protected":false},"excerpt":{"rendered":"<p>Metallbau Fahrzeugservice Gottegabe &#8211; MFG &#8211; bietet seit 1995 flexible, mobile und station\u00e4re Instandhaltung und Bauteilfertigung f\u00fcr Schienenfahrzeuge an. Mit passgenauen L\u00f6sungen bei h\u00f6chsten Sicherheitsstandards sorgen wir f\u00fcr effiziente Eins\u00e4tze. Zwei zertifizierte Standorte zum Schwei\u00dfen erm\u00f6glichen die Fertigung und umfassende Reparaturen oder Umbauten. Erfahrung und ein starkes Netzwerk sichern Kunden einzigartige Ressourcen und zuverl\u00e4ssigen Service. [&hellip;]<\/p>\n","protected":false},"author":1,"featured_media":0,"parent":0,"menu_order":0,"comment_status":"closed","ping_status":"closed","template":"","meta":{"footnotes":""},"_links":{"self":[{"href":"http:\/\/mfg-rail.com\/index.php?rest_route=\/wp\/v2\/pages\/7"}],"collection":[{"href":"http:\/\/mfg-rail.com\/index.php?rest_route=\/wp\/v2\/pages"}],"about":[{"href":"http:\/\/mfg-rail.com\/index.php?rest_route=\/wp\/v2\/types\/page"}],"author":[{"embeddable":true,"href":"http:\/\/mfg-rail.com\/index.php?rest_route=\/wp\/v2\/users\/1"}],"replies":[{"embeddable":true,"href":"http:\/\/mfg-rail.com\/index.php?rest_route=%2Fwp%2Fv2%2Fcomments&post=7"}],"version-history":[{"count":17,"href":"http:\/\/mfg-rail.com\/index.php?rest_route=\/wp\/v2\/pages\/7\/revisions"}],"predecessor-version":[{"id":298,"href":"http:\/\/mfg-rail.com\/index.php?rest_route=\/wp\/v2\/pages\/7\/revisions\/298"}],"wp:attachment":[{"href":"http:\/\/mfg-rail.com\/index.php?rest_route=%2Fwp%2Fv2%2Fmedia&parent=7"}],"curies":[{"name":"wp","href":"https:\/\/api.w.org\/{rel}","templated":true}]}}