{"id":41,"date":"2017-04-20T23:43:59","date_gmt":"2017-04-20T21:43:59","guid":{"rendered":"http:\/\/mfg-rail.com\/?page_id=41"},"modified":"2023-10-11T09:45:44","modified_gmt":"2023-10-11T07:45:44","slug":"schadwagenmanagement","status":"publish","type":"page","link":"http:\/\/mfg-rail.com\/?page_id=41","title":{"rendered":"G\u00fcterwagen-instandhaltung"},"content":{"rendered":"<p>In uns haben Sie einen effizienten und flexiblen Partner bei der praktischen Umsetzung der Instandhaltungspl\u00e4ne durch Wartungs- und Instandsetzungsarbeiten. Daf\u00fcr erreichen unsere Werkstattwagen Ihre Flotte von unserem Familienbetrieb in Gottesgabe bei Schwerin aus in ganz Deutschland und \u00fcber die deutschen Grenzen hinweg im angrenzenden Ausland.<\/p>\n<p>Neben unseren in au\u00dfergew\u00f6hnlich hohem Ma\u00dfe engagierten Mitarbeitern verf\u00fcgen wir \u00fcber die folgenden Vorteile in Form von Zertifikaten:<\/p>\n<style type=\"text\/css\">\n\t\t\t#gallery-1 {<br \/>\n\t\t\t\tmargin: auto;<br \/>\n\t\t\t}<br \/>\n\t\t\t#gallery-1 .gallery-item {<br \/>\n\t\t\t\tfloat: left;<br \/>\n\t\t\t\tmargin-top: 10px;<br \/>\n\t\t\t\ttext-align: center;<br \/>\n\t\t\t\twidth: 33%;<br \/>\n\t\t\t}<br \/>\n\t\t\t#gallery-1 img {<br \/>\n\t\t\t\tborder: 2px solid #cfcfcf;<br \/>\n\t\t\t}<br \/>\n\t\t\t#gallery-1 .gallery-caption {<br \/>\n\t\t\t\tmargin-left: 0;<br \/>\n\t\t\t}<br \/>\n\t\t\t\/* see gallery_shortcode() in wp-includes\/media.php *\/<br \/>\n\t\t<\/style>\n<div id=\"gallery-1\" class=\"gallery galleryid-41 gallery-columns-3 gallery-size-thumbnail\">\n<dl class=\"gallery-item\">\n<dt class=\"gallery-icon portrait\"><center><a href=\"http:\/\/mfg-rail.com\/wp-content\/uploads\/2023\/09\/CL1_2023-2026.pdf\"><img decoding=\"async\" loading=\"lazy\" class=\"attachment-thumbnail size-thumbnail\" src=\"http:\/\/mfg-rail.com\/wp-content\/uploads\/2023\/09\/CL1_2023-2026.png\" sizes=\"(max-width: 150px) 100vw, 150px\" srcset=\"http:\/\/mfg-rail.com\/wp-content\/uploads\/2023\/09\/CL1_2023-2026.png 150w, http:\/\/mfg-rail.com\/wp-content\/uploads\/2023\/09\/CL1_2023-2026.png 100w\" alt=\"\" width=\"150\" height=\"150\" aria-describedby=\"gallery-1-126\" \/><\/a><\/center><\/dt>\n<dd id=\"gallery-1-125\" class=\"wp-caption-text gallery-caption\">EN 15085-2 CL1 und EN15085-6 (2023-2026)<\/dd>\n<\/dl>\n<dl class=\"gallery-item\">\n<dt class=\"gallery-icon portrait\"><center><a href=\"http:\/\/mfg-rail.com\/wp-content\/uploads\/2023\/09\/ECM_II_und_IV_2023-2028.pdf\"><img decoding=\"async\" loading=\"lazy\" class=\"attachment-thumbnail size-thumbnail\" src=\"http:\/\/mfg-rail.com\/wp-content\/uploads\/2023\/09\/ECM_II_und_IV_2023-2028.png\" sizes=\"(max-width: 150px) 100vw, 150px\" srcset=\"http:\/\/mfg-rail.com\/wp-content\/uploads\/2023\/09\/ECM_II_und_IV_2023-2028.png 150w, http:\/\/mfg-rail.com\/wp-content\/uploads\/2023\/09\/ECM_II_und_IV_2023-2028.png 100w\" alt=\"\" width=\"150\" height=\"150\" aria-describedby=\"gallery-1-127\" \/><\/a><\/center><\/dt>\n<dd id=\"gallery-1-126\" class=\"wp-caption-text gallery-caption\">ECM-Instandhaltungsfunktion II und IV (2023 &#8211; 2028)<\/dd>\n<\/dl>\n<dl class=\"gallery-item\">\n<dt class=\"gallery-icon portrait\"><center><a href=\"http:\/\/mfg-rail.com\/wp-content\/uploads\/2023\/09\/VPI_bis_31.10.2025.pdf\"><img decoding=\"async\" loading=\"lazy\" class=\"attachment-thumbnail size-thumbnail\" src=\"http:\/\/mfg-rail.com\/wp-content\/uploads\/2023\/09\/VPI_bis_31.10.2025.png\" sizes=\"(max-width: 150px) 100vw, 150px\" srcset=\"http:\/\/mfg-rail.com\/wp-content\/uploads\/2023\/09\/VPI_bis_31.10.2025.png 150w, http:\/\/mfg-rail.com\/wp-content\/uploads\/2023\/09\/VPI_bis_31.10.2025.png 100w\" alt=\"\" width=\"150\" height=\"150\" aria-describedby=\"gallery-1-130\" \/><\/a><\/center><\/dt>\n<dd id=\"gallery-1-128\" class=\"wp-caption-text gallery-caption\">VPI-Zulassung (2020-2025)<\/dd>\n<\/dl>\n<dl class=\"gallery-item\">\n<dt class=\"gallery-icon portrait\"><center><a href=\"http:\/\/mfg-rail.com\/wp-content\/uploads\/2018\/08\/VT_2_Bahn_24.02.2018.pdf\"><img decoding=\"async\" loading=\"lazy\" class=\"attachment-thumbnail size-thumbnail\" src=\"http:\/\/mfg-rail.com\/wp-content\/uploads\/2018\/08\/VT_2_Bahn_24.02.2018_-_S1.jpg\" sizes=\"(max-width: 150px) 100vw, 150px\" srcset=\"http:\/\/mfg-rail.com\/wp-content\/uploads\/2018\/08\/VT_2_Bahn_24.02.2018_-_S1.jpg 150w, http:\/\/mfg-rail.com\/wp-content\/uploads\/2018\/08\/VT_2_Bahn_24.02.2018_-_S1.jpg 100w\" alt=\"\" width=\"150\" height=\"150\" aria-describedby=\"gallery-1-125\" \/><\/a><\/center><\/dt>\n<dd id=\"gallery-1-130\" class=\"wp-caption-text gallery-caption\">Sichtpr\u00fcfer Stufe 2 &#8211; Industriesektor Eisenbahn-Instahdhaltung Bereich Werkst\u00e4tten<\/dd>\n<\/dl>\n<dl class=\"gallery-item\">\n<dt class=\"gallery-icon portrait\"><center><a href=\"http:\/\/mfg-rail.com\/wp-content\/uploads\/2023\/09\/01_Approval_and_Authorization.pdf\"><img decoding=\"async\" loading=\"lazy\" class=\"attachment-thumbnail size-thumbnail\" src=\"http:\/\/mfg-rail.com\/wp-content\/uploads\/2023\/09\/01_Approval_and_Authorization.png\" sizes=\"(max-width: 150px) 100vw, 150px\" srcset=\"http:\/\/mfg-rail.com\/wp-content\/uploads\/2023\/09\/01_Approval_and_Authorization.png 150w, http:\/\/mfg-rail.com\/wp-content\/uploads\/2023\/09\/01_Approval_and_Authorization.png 100w\" alt=\"\" width=\"150\" height=\"150\" aria-describedby=\"gallery-1-125\" \/><\/a><\/center><\/dt>\n<dd id=\"gallery-1-130\" class=\"wp-caption-text gallery-caption\">DEKRA Zertifizierung zum Schwei\u00dfen an Containern<\/dd>\n<\/dl>\n<\/div>\n<p>Folgende Leistungen erbringen wir Ihnen:<\/p>\n<ul>\n<li>s\u00e4mtliche Arbeiten an der Druckluftbremse<\/li>\n<li>Radsatzwechselarbeiten<\/li>\n<li>Arbeiten an Zug- und Sto\u00dfeinrichtung<\/li>\n<li>Wechseln von Bauteilen<\/li>\n<li>Mietwechsel innerhalb von Eisenbahnverkehrsunternehmen<\/li>\n<li>Mietwechsel oder \u00dcbergabe von Wagenhalter \u2013 Eisenbahnverkehrsunternehmen<\/li>\n<li>Unfalluntersuchung mit Einsch\u00e4tzung des Zustandes der Wagen und Vermessung der Wagen<\/li>\n<li>Ermittlung und Nachforschung von h\u00e4ufig auftretenden Sch\u00e4den<\/li>\n<li>Befundung von Wagen<\/li>\n<li>Arbeiten nach Checklisten<\/li>\n<li>Beurteilung von Baugruppen<\/li>\n<li>\u00dcberf\u00fchrung von Schadwagen zur Werkstatt<\/li>\n<li>Ausstellung einer Betriebsfreigabe fertiggestellter Wagen<\/li>\n<li>Dozentent\u00e4tigkeit im Bereich Bremsprobeberechtigter und Wagenpr\u00fcfer f\u00fcr verschiedene Bildungstr\u00e4ger<\/li>\n<\/ul>\n<p>F\u00fcr weitere Informationen erreichen Sie uns <a href=\"http:\/\/mfg-rail.com\/?page_id=9\">hier<\/a>.<\/p>\n","protected":false},"excerpt":{"rendered":"<p>In uns haben Sie einen effizienten und flexiblen Partner bei der praktischen Umsetzung der Instandhaltungspl\u00e4ne durch Wartungs- und Instandsetzungsarbeiten. Daf\u00fcr erreichen unsere Werkstattwagen Ihre Flotte von unserem Familienbetrieb in Gottesgabe bei Schwerin aus in ganz Deutschland und \u00fcber die deutschen Grenzen hinweg im angrenzenden Ausland. Neben unseren in au\u00dfergew\u00f6hnlich hohem Ma\u00dfe engagierten Mitarbeitern verf\u00fcgen wir [&hellip;]<\/p>\n","protected":false},"author":1,"featured_media":0,"parent":0,"menu_order":0,"comment_status":"closed","ping_status":"closed","template":"","meta":{"footnotes":""},"_links":{"self":[{"href":"http:\/\/mfg-rail.com\/index.php?rest_route=\/wp\/v2\/pages\/41"}],"collection":[{"href":"http:\/\/mfg-rail.com\/index.php?rest_route=\/wp\/v2\/pages"}],"about":[{"href":"http:\/\/mfg-rail.com\/index.php?rest_route=\/wp\/v2\/types\/page"}],"author":[{"embeddable":true,"href":"http:\/\/mfg-rail.com\/index.php?rest_route=\/wp\/v2\/users\/1"}],"replies":[{"embeddable":true,"href":"http:\/\/mfg-rail.com\/index.php?rest_route=%2Fwp%2Fv2%2Fcomments&post=41"}],"version-history":[{"count":30,"href":"http:\/\/mfg-rail.com\/index.php?rest_route=\/wp\/v2\/pages\/41\/revisions"}],"predecessor-version":[{"id":260,"href":"http:\/\/mfg-rail.com\/index.php?rest_route=\/wp\/v2\/pages\/41\/revisions\/260"}],"wp:attachment":[{"href":"http:\/\/mfg-rail.com\/index.php?rest_route=%2Fwp%2Fv2%2Fmedia&parent=41"}],"curies":[{"name":"wp","href":"https:\/\/api.w.org\/{rel}","templated":true}]}}